{"id":34,"date":"2024-05-29T21:21:43","date_gmt":"2024-05-30T00:21:43","guid":{"rendered":"https:\/\/cerrajeriaelectronicadelvehiculo.com\/?page_id=34"},"modified":"2024-06-04T00:19:32","modified_gmt":"2024-06-04T03:19:32","slug":"contact","status":"publish","type":"page","link":"https:\/\/cerrajeriaelectronicadelvehiculo.com\/en\/contact\/","title":{"rendered":"Contact"},"content":{"rendered":"<div class=\"wp-block-columns alignfull is-layout-flex wp-container-core-columns-is-layout-9d6595d7 wp-block-columns-is-layout-flex\">\n<div class=\"wp-block-column is-layout-flow wp-block-column-is-layout-flow\">\n<div style=\"width: 100%\"><iframe src=\"https:\/\/www.google.com\/maps\/embed?pb=!1m14!1m8!1m3!1d3405.8086899733144!2d-64.2092708!3d-31.3918382!3m2!1i1024!2i768!4f13.1!3m3!1m2!1s0x943299da83554f1b%3A0x6b5a9ab7a08edfb4!2sCerrajer%C3%ADa%20%26%20Electr%C3%B3nica%20del%20veh%C3%ADculo!5e0!3m2!1ses!2sar!4v1724412621613!5m2!1ses!2sar\" width=\"800\" height=\"600\" style=\"border:0;\" allowfullscreen=\"\" loading=\"lazy\" referrerpolicy=\"no-referrer-when-downgrade\"><\/iframe><\/div>\n\n\n\n<p><\/p>\n<\/div>\n<\/div>\n\n\n\n<div class=\"wp-block-columns container is-layout-flex wp-container-core-columns-is-layout-9d6595d7 wp-block-columns-is-layout-flex\">\n<div class=\"wp-block-column is-layout-flow wp-block-column-is-layout-flow\" style=\"flex-basis:50%\">\n<h2 class=\"wp-block-heading\">Encuentranos<\/h2>\n\n\n\n<p class=\"has-text-align-left has-text-color\" style=\"color:#999999;font-size:14px\">Av. Costanera SUR 2942, X5003 C\u00f3rdoba<\/p>\n\n\n\n<div style=\"height:40px\" aria-hidden=\"true\" class=\"wp-block-spacer\"><\/div>\n\n\n\n<h3 class=\"wp-block-heading has-text-align-left hestia-title has-text-color\" style=\"color:#3c4858;font-size:18px\"><img decoding=\"async\" class=\"wp-image-98\" style=\"width: 25px;\" src=\"https:\/\/cerrajeriaelectronicadelvehiculo.com\/wp-content\/themes\/hestia\/assets\/img\/contact2.png\" alt=\"\">  Ll\u00e1manos<\/h3>\n\n\n\n<p class=\"has-text-align-left has-text-color\" style=\"color:#999999;font-size:14px\">Cerrajer\u00eda y electr\u00f3nica del autom\u00f3vil:<br>+54 0351-158123088<br>Lunes &#8211; Viernes, 9:00-18:00hs. S\u00e1bado, 9:00-13:00hs<\/p>\n\n\n\n<div style=\"height:40px\" aria-hidden=\"true\" class=\"wp-block-spacer\"><\/div>\n\n\n\n<h4 class=\"wp-block-heading has-text-align-left hestia-title has-text-color\" style=\"color:#3c4858;font-size:18px\"><img decoding=\"async\" class=\"wp-image-105\" style=\"width: 25px;\" src=\"https:\/\/cerrajeriaelectronicadelvehiculo.com\/wp-content\/themes\/hestia\/assets\/img\/contact3.png\" alt=\"\"><strong>  <\/strong>Informaci\u00f3n legal<\/h4>\n\n\n\n<p class=\"has-text-align-left has-text-color\" style=\"color:#999999;font-size:14px\">Sucursal: Av. Costanera SUR. C\u00f3rdoba Argentina.<\/p>\n<\/div>\n\n\n\n<div class=\"wp-block-column is-vertically-aligned-center is-layout-flow wp-block-column-is-layout-flow\"><\/div>\n\n\n\n<div class=\"wp-block-column is-vertically-aligned-center is-layout-flow wp-block-column-is-layout-flow\">\n<div class=\"wp-block-columns is-layout-flex wp-container-core-columns-is-layout-9d6595d7 wp-block-columns-is-layout-flex\">\n<div class=\"wp-block-column is-layout-flow wp-block-column-is-layout-flow\"><\/div>\n\n\n\n<div class=\"wp-block-column is-layout-flow wp-block-column-is-layout-flow\"><\/div>\n<\/div>\n<\/div>\n<\/div>\n\n\n\n<p><\/p>","protected":false},"excerpt":{"rendered":"<p>Encuentranos Av. Costanera SUR 2942, X5003 C\u00f3rdoba Ll\u00e1manos Cerrajer\u00eda y electr\u00f3nica del autom\u00f3vil:+54 0351-158123088Lunes &#8211; Viernes, 9:00-18:00hs. S\u00e1bado, 9:00-13:00hs Informaci\u00f3n<\/p>\n<p><a href=\"https:\/\/cerrajeriaelectronicadelvehiculo.com\/en\/contact\/\" class=\"more-link\">Continue reading<span class=\"screen-reader-text\">Contact<\/span><\/a><\/p>","protected":false},"author":1,"featured_media":26,"parent":0,"menu_order":0,"comment_status":"closed","ping_status":"closed","template":"","meta":{"om_disable_all_campaigns":false,"_monsterinsights_skip_tracking":false,"_monsterinsights_sitenote_active":false,"_monsterinsights_sitenote_note":"","_monsterinsights_sitenote_category":0,"footnotes":""},"class_list":["post-34","page","type-page","status-publish","has-post-thumbnail","hentry"],"aioseo_notices":[],"_links":{"self":[{"href":"https:\/\/cerrajeriaelectronicadelvehiculo.com\/en\/wp-json\/wp\/v2\/pages\/34","targetHints":{"allow":["GET"]}}],"collection":[{"href":"https:\/\/cerrajeriaelectronicadelvehiculo.com\/en\/wp-json\/wp\/v2\/pages"}],"about":[{"href":"https:\/\/cerrajeriaelectronicadelvehiculo.com\/en\/wp-json\/wp\/v2\/types\/page"}],"author":[{"embeddable":true,"href":"https:\/\/cerrajeriaelectronicadelvehiculo.com\/en\/wp-json\/wp\/v2\/users\/1"}],"replies":[{"embeddable":true,"href":"https:\/\/cerrajeriaelectronicadelvehiculo.com\/en\/wp-json\/wp\/v2\/comments?post=34"}],"version-history":[{"count":24,"href":"https:\/\/cerrajeriaelectronicadelvehiculo.com\/en\/wp-json\/wp\/v2\/pages\/34\/revisions"}],"predecessor-version":[{"id":112,"href":"https:\/\/cerrajeriaelectronicadelvehiculo.com\/en\/wp-json\/wp\/v2\/pages\/34\/revisions\/112"}],"wp:featuredmedia":[{"embeddable":true,"href":"https:\/\/cerrajeriaelectronicadelvehiculo.com\/en\/wp-json\/wp\/v2\/media\/26"}],"wp:attachment":[{"href":"https:\/\/cerrajeriaelectronicadelvehiculo.com\/en\/wp-json\/wp\/v2\/media?parent=34"}],"curies":[{"name":"wp","href":"https:\/\/api.w.org\/{rel}","templated":true}]}}