{"id":33,"date":"2024-05-29T21:21:43","date_gmt":"2024-05-30T00:21:43","guid":{"rendered":"https:\/\/cerrajeriaelectronicadelvehiculo.com\/?page_id=33"},"modified":"2025-12-26T03:39:54","modified_gmt":"2025-12-26T06:39:54","slug":"home","status":"publish","type":"page","link":"https:\/\/cerrajeriaelectronicadelvehiculo.com\/en\/","title":{"rendered":"Cerrajer\u00eda automotriz en Cordoba &#8211; Servicio 24hs"},"content":{"rendered":"<div class=\"wp-block-cover alignfull is-light hestia-clear-top-padding\"><span aria-hidden=\"true\" class=\"wp-block-cover__background has-eighty-black-background-color has-background-dim-100 has-background-dim\"><\/span><div class=\"wp-block-cover__inner-container is-layout-flow wp-block-cover-is-layout-flow\">\n<h2 class=\"wp-block-heading has-text-align-center has-text-color\" style=\"color:#3c4858\">Calidad y confianza<\/h2>\n\n\n\n<pre class=\"wp-block-preformatted\"><em>Mas de 10 a\u00f1os de experiencia.<\/em><\/pre>\n\n\n\n<div style=\"height:40px\" aria-hidden=\"true\" class=\"wp-block-spacer\"><\/div>\n\n\n\n<div class=\"wp-block-columns container is-layout-flex wp-container-core-columns-is-layout-9d6595d7 wp-block-columns-is-layout-flex\">\n<div class=\"wp-block-column is-layout-flow wp-block-column-is-layout-flow\"><div class=\"wp-block-image wp-block-image aligncenter size-thumbnail is-style-rounded\">\n<figure ><img loading=\"lazy\" decoding=\"async\" width=\"150\" height=\"150\" src=\"https:\/\/cerrajeriaelectronicadelvehiculo.com\/wp-content\/uploads\/2024\/09\/cerrajeria-automotriz-150x150.png\" alt=\"Logo de cerrajer\u00eda automotriz especializada en llaves electr\u00f3nicas\" class=\"wp-image-441\" title=\"Cerrajeria automotriz \" srcset=\"https:\/\/cerrajeriaelectronicadelvehiculo.com\/wp-content\/uploads\/2024\/09\/cerrajeria-automotriz-150x150.png 150w, https:\/\/cerrajeriaelectronicadelvehiculo.com\/wp-content\/uploads\/2024\/09\/cerrajeria-automotriz-12x12.png 12w, https:\/\/cerrajeriaelectronicadelvehiculo.com\/wp-content\/uploads\/2024\/09\/cerrajeria-automotriz.png 300w\" sizes=\"auto, (max-width: 150px) 100vw, 150px\" \/><\/figure>\n<\/div>\n\n\n<h3 class=\"wp-block-heading has-text-align-center has-text-color\" style=\"color:#3c4858;font-size:18px\">Capacidades<\/h3>\n\n\n\n<p class=\"has-text-align-center has-text-color\" style=\"color:#999999;font-size:14px\">Ingenieria de Seguridad<\/p>\n\n\n\n<p class=\"has-text-align-center has-text-color\" style=\"color:#999999;font-size:14px\"><\/p>\n\n\n\n<p><\/p>\n\n\n\n<div style=\"height:25px\" aria-hidden=\"true\" class=\"wp-block-spacer\"><\/div>\n<\/div>\n\n\n\n<div class=\"wp-block-column is-layout-flow wp-block-column-is-layout-flow\"><div class=\"wp-block-image is-style-rounded\">\n<figure class=\"aligncenter size-thumbnail\"><img loading=\"lazy\" decoding=\"async\" width=\"150\" height=\"150\" src=\"https:\/\/cerrajeriaelectronicadelvehiculo.com\/wp-content\/uploads\/2024\/09\/cerrajeria-automotriz-1-150x150.png\" alt=\"Identidad visual de cerrajer\u00eda automotriz para llaves electr\u00f3nicas de veh\u00edculos\" class=\"wp-image-442\" title=\"Cerrajeria automotriz \" srcset=\"https:\/\/cerrajeriaelectronicadelvehiculo.com\/wp-content\/uploads\/2024\/09\/cerrajeria-automotriz-1-150x150.png 150w, https:\/\/cerrajeriaelectronicadelvehiculo.com\/wp-content\/uploads\/2024\/09\/cerrajeria-automotriz-1-12x12.png 12w, https:\/\/cerrajeriaelectronicadelvehiculo.com\/wp-content\/uploads\/2024\/09\/cerrajeria-automotriz-1.png 300w\" sizes=\"auto, (max-width: 150px) 100vw, 150px\" \/><\/figure>\n<\/div>\n\n\n<h4 class=\"wp-block-heading has-text-align-center has-text-color\" style=\"color:#3c4858;font-size:18px\">Calidad<\/h4>\n\n\n\n<p class=\"has-text-align-center has-text-color\" style=\"color:#999999;font-size:14px\">Somos un grupo de T\u00e9cnicos e Ingenieros comprometidos con ustedes.<\/p>\n\n\n\n<div style=\"height:25px\" aria-hidden=\"true\" class=\"wp-block-spacer\"><\/div>\n<\/div>\n\n\n\n<div class=\"wp-block-column is-layout-flow wp-block-column-is-layout-flow\"><div class=\"wp-block-image is-style-rounded\">\n<figure class=\"aligncenter size-thumbnail\"><img loading=\"lazy\" decoding=\"async\" width=\"150\" height=\"150\" src=\"https:\/\/cerrajeriaelectronicadelvehiculo.com\/wp-content\/uploads\/2024\/09\/cerrajeria-automotriz-2-150x150.png\" alt=\"Dise\u00f1o gr\u00e1fico de cerrajer\u00eda automotriz 24 horas\" class=\"wp-image-443\" title=\"Cerrajeria Automotriz \"\/><\/figure>\n<\/div>\n\n\n<h5 class=\"wp-block-heading has-text-align-center has-text-color\" style=\"color:#3c4858;font-size:18px\">Apollo<\/h5>\n\n\n\n<p class=\"has-text-align-center has-text-color\" style=\"color:#999999;font-size:14px\">Se cuenta con t\u00e9cnicos asistencial las 24hs los 365 d\u00edas del a\u00f1o <\/p>\n\n\n\n<div style=\"height:25px\" aria-hidden=\"true\" class=\"wp-block-spacer\"><\/div>\n<\/div>\n<\/div>\n\n\n\n<div style=\"height:40px\" aria-hidden=\"true\" class=\"wp-block-spacer\"><\/div>\n<\/div><\/div>\n\n\n\n<div class=\"wp-block-columns container is-layout-flex wp-container-core-columns-is-layout-9d6595d7 wp-block-columns-is-layout-flex\">\n<div class=\"wp-block-column col-md-5 is-layout-flow wp-block-column-is-layout-flow\">\n<div style=\"height:55px\" aria-hidden=\"true\" class=\"wp-block-spacer\"><\/div>\n\n\n\n<p>Cerrajeria automotriz<\/p>\n\n\n\n<p><strong><mark style=\"background-color:rgba(0, 0, 0, 0)\" class=\"has-inline-color has-blue-color\">Cel. 0351- 158123088<\/mark><\/strong><\/p>\n<\/div>\n\n\n\n<div class=\"wp-block-column col-md-6 col-md-offset1 is-layout-flow wp-block-column-is-layout-flow\">\n<div style=\"height:55px\" aria-hidden=\"true\" class=\"wp-block-spacer\"><\/div>\n\n\n\n<figure class=\"wp-block-image size-full is-resized\"><img loading=\"lazy\" decoding=\"async\" width=\"300\" height=\"300\" src=\"https:\/\/cerrajeriaelectronicadelvehiculo.com\/wp-content\/uploads\/2024\/09\/Cerrajeria-y-Electronica-automotriz.jpg\" alt=\"Cerrajero reparando puertas bloqueadas y programando llaves electr\u00f3nicas de autos\" class=\"wp-image-537\" style=\"width:423px;height:auto\" title=\"Cerrajeria automotriz \" srcset=\"https:\/\/cerrajeriaelectronicadelvehiculo.com\/wp-content\/uploads\/2024\/09\/Cerrajeria-y-Electronica-automotriz.jpg 300w, https:\/\/cerrajeriaelectronicadelvehiculo.com\/wp-content\/uploads\/2024\/09\/Cerrajeria-y-Electronica-automotriz-150x150.jpg 150w, https:\/\/cerrajeriaelectronicadelvehiculo.com\/wp-content\/uploads\/2024\/09\/Cerrajeria-y-Electronica-automotriz-12x12.jpg 12w\" sizes=\"auto, (max-width: 300px) 100vw, 300px\" \/><\/figure>\n\n\n\n<p><\/p>\n<\/div>\n<\/div>","protected":false},"excerpt":{"rendered":"<p>Cerrajeria automotriz Cel. 0351- 158123088<\/p>","protected":false},"author":1,"featured_media":0,"parent":0,"menu_order":0,"comment_status":"closed","ping_status":"closed","template":"","meta":{"om_disable_all_campaigns":false,"_monsterinsights_skip_tracking":false,"_monsterinsights_sitenote_active":false,"_monsterinsights_sitenote_note":"","_monsterinsights_sitenote_category":0,"footnotes":""},"class_list":["post-33","page","type-page","status-publish","hentry"],"aioseo_notices":[],"_links":{"self":[{"href":"https:\/\/cerrajeriaelectronicadelvehiculo.com\/en\/wp-json\/wp\/v2\/pages\/33","targetHints":{"allow":["GET"]}}],"collection":[{"href":"https:\/\/cerrajeriaelectronicadelvehiculo.com\/en\/wp-json\/wp\/v2\/pages"}],"about":[{"href":"https:\/\/cerrajeriaelectronicadelvehiculo.com\/en\/wp-json\/wp\/v2\/types\/page"}],"author":[{"embeddable":true,"href":"https:\/\/cerrajeriaelectronicadelvehiculo.com\/en\/wp-json\/wp\/v2\/users\/1"}],"replies":[{"embeddable":true,"href":"https:\/\/cerrajeriaelectronicadelvehiculo.com\/en\/wp-json\/wp\/v2\/comments?post=33"}],"version-history":[{"count":66,"href":"https:\/\/cerrajeriaelectronicadelvehiculo.com\/en\/wp-json\/wp\/v2\/pages\/33\/revisions"}],"predecessor-version":[{"id":608,"href":"https:\/\/cerrajeriaelectronicadelvehiculo.com\/en\/wp-json\/wp\/v2\/pages\/33\/revisions\/608"}],"wp:attachment":[{"href":"https:\/\/cerrajeriaelectronicadelvehiculo.com\/en\/wp-json\/wp\/v2\/media?parent=33"}],"curies":[{"name":"wp","href":"https:\/\/api.w.org\/{rel}","templated":true}]}}